{"id":903,"date":"2021-02-25T10:32:29","date_gmt":"2021-02-25T09:32:29","guid":{"rendered":"https:\/\/dev.lauraduran.com\/politica-de-privacidad\/"},"modified":"2021-02-26T15:46:03","modified_gmt":"2021-02-26T14:46:03","slug":"politica-de-privacidad","status":"publish","type":"page","link":"https:\/\/lauraduran.com\/es\/politica-de-privacidad\/","title":{"rendered":"Pol\u00edtica de privacidad"},"content":{"rendered":"\t\t<div data-elementor-type=\"wp-page\" data-elementor-id=\"903\" class=\"elementor elementor-903 elementor-3\">\n\t\t\t\t\t\t<div class=\"elementor-inner\">\n\t\t\t\t<div class=\"elementor-section-wrap\">\n\t\t\t\t\t\t\t\t\t<section class=\"elementor-section elementor-top-section elementor-element elementor-element-fa235d5 elementor-section-boxed elementor-section-height-default elementor-section-height-default\" data-id=\"fa235d5\" data-element_type=\"section\">\n\t\t\t\t\t\t<div class=\"elementor-container elementor-column-gap-default\">\n\t\t\t\t\t\t\t<div class=\"elementor-row\">\n\t\t\t\t\t<div class=\"elementor-column elementor-col-100 elementor-top-column elementor-element elementor-element-bb2d2bf\" data-id=\"bb2d2bf\" data-element_type=\"column\">\n\t\t\t<div class=\"elementor-column-wrap elementor-element-populated\">\n\t\t\t\t\t\t\t<div class=\"elementor-widget-wrap\">\n\t\t\t\t\t\t<div class=\"elementor-element elementor-element-64cc589 elementor-widget elementor-widget-text-editor\" data-id=\"64cc589\" data-element_type=\"widget\" data-widget_type=\"text-editor.default\">\n\t\t\t\t<div class=\"elementor-widget-container\">\n\t\t\t\t\t\t\t\t<div class=\"elementor-text-editor elementor-clearfix\">\n\t\t\t\t<p>Este Aviso Legal contiene las Condiciones de uso que regulan la utilizaci\u00f3n de este sitio Web, as\u00ed como la informaci\u00f3n requerida por la normativa vigente.<\/p>\n<p>El acceso y\/o uso del portal www.lauraduran.com, atribuye la condici\u00f3n de USUARIO, que acepta, desde dicho acceso y\/o uso, las Condiciones Generales de Uso aqu\u00ed reflejadas. Las citadas Condiciones ser\u00e1n de aplicaci\u00f3n independientemente de las Condiciones Generales de Contrataci\u00f3n que en su caso resulten de obligado cumplimiento.<\/p>\n<p>El titular se reserva el derecho a modificar estas condiciones generales de uso en cualquier momento y sin aviso previo, por lo que el USUARIO se obliga a revisar las presentes condiciones generales cada vez que accede a este sitio web.<\/p>\n<p>DATOS IDENTIFICATIVOS:<\/p>\n<p>En cumplimiento con el deber de informaci\u00f3n recogido en el art\u00edculo 10 de la Ley 34\/2002, de 11 de julio, de Servicios de la Sociedad de la Informaci\u00f3n y del Comercio Electr\u00f3nico, este sitio web pertenece a: Laura Duran Play\u00e0, con n\u00famero de N.I.F. 34753823H, domicilio fiscal en calle Peris i Mencheta n\u00ba5, s\u00f3tano 1\u00aa, 08032, Barcelona y correo electr\u00f3nico de contacto: info@lauraduran.com.<\/p>\n<p>USO DEL PORTAL:<\/p>\n<p>El USUARIO se compromete a hacer un uso adecuado de los contenidos y servicios que la titular ofrece a trav\u00e9s de su sitio web, a no emplearlos para actividades il\u00edcitas, ilegales o contrarias a la buena fe y al orden p\u00fablico; difundir contenidos o propaganda de car\u00e1cter racista y xen\u00f3fobo, pornogr\u00e1fico-ilegal, de apolog\u00eda del terrorismo o atentatorio contra los derechos humanos; provocar da\u00f1os en los sistemas f\u00edsicos y l\u00f3gicos, introducir o difundir en la red virus inform\u00e1ticos o cualesquiera otros sistemas f\u00edsicos o l\u00f3gicos que sean susceptibles de provocar da\u00f1os.<\/p>\n<p>PROPIEDAD INTELECTUAL:<\/p>\n<p>Todos los contenidos de lauraduran.com (im\u00e1genes, sonido, audio, v\u00eddeo, software, textos, logotipos, combinaciones de colores, estructura de navegaci\u00f3n y dise\u00f1o, base de datos, etc.), son titularidad de Laura Duran o de terceros sin que puedan entenderse cedidos al USUARIO ninguno de los derechos de explotaci\u00f3n reconocidos por la normativa de propiedad intelectual.<\/p>\n<p>Corresponde al titular el derecho exclusivo de los derechos de explotaci\u00f3n de su obra, por tanto, y en cumplimiento de la Ley de la Propiedad Intelectual, quedan expresamente prohibidas la reproducci\u00f3n, distribuci\u00f3n y transformaci\u00f3n de las mismas, con fines comerciales, en cualquier soporte y por cualquier medio t\u00e9cnico, sin la autorizaci\u00f3n del titular de los derechos, excepto la posibilidad de compartir contenidos cuando as\u00ed se autorice, mediante el uso de herramientas tecnol\u00f3gicas para esta finalidad.<\/p>\n<p>La utilizaci\u00f3n no autorizada de los contenidos de este sitio web, as\u00ed como la lesi\u00f3n de los derechos de propiedad intelectual motivar\u00e1 la iniciaci\u00f3n de procedimiento judicial.<\/p>\n<p>PROPIEDAD INDUSTRIAL:<\/p>\n<p>Los nombres de dominio que se utilizan en este sitio web son propiedad industrial del titular de este sitio web o de terceros, y se encuentran protegidos por la normativa vigente en materia de propiedad industrial y nombres de dominio.<\/p>\n<p>RESPONSABILIDAD:<\/p>\n<p>La titular no se hace responsable, en ning\u00fan caso, de los da\u00f1os y perjuicios de cualquier naturaleza que pudieran ocasionar, a t\u00edtulo enunciativo: errores u omisiones en los contenidos, falta de disponibilidad del portal o la transmisi\u00f3n de virus o programas maliciosos o lesivos en los contenidos, a pesar de haber adoptado todas las medidas tecnol\u00f3gicas necesarias para evitarlo.<\/p>\n<p>La titular no responde por los da\u00f1os que se puedan ocasionar por las interrupciones o errores en el acceso a este sitio web o a sus contenidos. No se garantiza la disponibilidad de este sitio web, ya sea por motivos t\u00e9cnicos, de seguridad, de control, de mantenimiento, por fallo del suministro o por cualquier otra causa.<\/p>\n<p>PROTECCION DE DATOS DE CAR\u00c1CTER PERSONAL:<\/p>\n<p>En los supuestos en los que para acceder a alguna de las p\u00e1ginas de www.lauraduran.com sea necesaria la recogida de datos de car\u00e1cter personal, se informa que los mismos ser\u00e1n tratados de conformidad con lo establecido en la normativa vigente relativa a la Protecci\u00f3n de Datos de Car\u00e1cter Personal y dem\u00e1s normas de desarrollo.<\/p>\n<p>ENLACES:<\/p>\n<p>En el caso de que en www.lauraduran.com se dispusiesen enlaces o hiperv\u00ednculos hacia otros sitios de Internet, no ejercer\u00e1 ning\u00fan tipo de control sobre dichos sitios.<\/p>\n<p>En ning\u00fan caso asumir\u00e1 responsabilidad alguna por los contenidos de alg\u00fan enlace perteneciente a un sitio web ajeno, ni garantizar\u00e1 la disponibilidad t\u00e9cnica, calidad, fiabilidad, exactitud, amplitud, veracidad, validez y constitucionalidad de cualquier material o informaci\u00f3n contenida en ninguno de dichos hiperv\u00ednculos u otros sitios de Internet. Igualmente la inclusi\u00f3n de estas conexiones externas no implicar\u00e1 ning\u00fan tipo de asociaci\u00f3n, fusi\u00f3n o participaci\u00f3n con las entidades conectadas.<\/p>\n<p>COOKIES:<\/p>\n<p>Las cookies son datos acerca del usuario de un sitio Web que se almacenan en el ordenador del usuario y a los que se puede acceder cuando se vuelve a visitar el sitio web.<\/p>\n<p>Esta web utiliza la informaci\u00f3n recopilada a trav\u00e9s de las cookies de sesi\u00f3n para mejorar los contenidos y el uso de los sitios Web. Puede borrar o bloquear las cookies a trav\u00e9s del navegador. Si no acepta el uso de las cookies, puede cerrar el sitio Web que est\u00e1 visitando. Para m\u00e1s informaci\u00f3n visite el contenido del apartado POLITICA DE COOKIES.<\/p>\n<p>MODIFICACIONES:<\/p>\n<p>La titular se reserva el derecho de efectuar sin previo aviso las modificaciones que considere oportunas en su sitio web, pudiendo cambiar, suprimir o a\u00f1adir los contenidos de la misma as\u00ed como la forma en la que \u00e9stos aparecen presentados o localizados.<\/p>\n<p>GENERALIDADES:<\/p>\n<p>La titular perseguir\u00e1 el incumplimiento de las presentes condiciones as\u00ed como cualquier utilizaci\u00f3n indebida de su portal ejerciendo todas las acciones civiles y penales que le puedan corresponder en derecho.<\/p>\n<p>La relaci\u00f3n entre la titular y el USUARIO se regir\u00e1 por la normativa espa\u00f1ola vigente y cualquier controversia se someter\u00e1 a los Juzgados y tribunales.<\/p>\n\t\t\t\t\t<\/div>\n\t\t\t\t\t\t<\/div>\n\t\t\t\t<\/div>\n\t\t\t\t\t\t<\/div>\n\t\t\t\t\t<\/div>\n\t\t<\/div>\n\t\t\t\t\t\t\t\t<\/div>\n\t\t\t\t\t<\/div>\n\t\t<\/section>\n\t\t\t\t\t\t\t\t\t<\/div>\n\t\t\t<\/div>\n\t\t\t\t\t<\/div>\n\t\t","protected":false},"excerpt":{"rendered":"<p>Este Aviso Legal contiene las Condiciones de uso que regulan la utilizaci\u00f3n de este sitio Web, as\u00ed como la informaci\u00f3n requerida por la normativa vigente. El acceso y\/o uso del portal www.lauraduran.com, atribuye la condici\u00f3n de USUARIO, que acepta, desde dicho acceso y\/o uso, las Condiciones Generales de Uso aqu\u00ed reflejadas. Las citadas Condiciones ser\u00e1n [&hellip;]<\/p>\n","protected":false},"author":1,"featured_media":0,"parent":0,"menu_order":0,"comment_status":"closed","ping_status":"open","template":"elementor_header_footer","meta":{"footnotes":""},"class_list":["post-903","page","type-page","status-publish","hentry"],"_links":{"self":[{"href":"https:\/\/lauraduran.com\/es\/wp-json\/wp\/v2\/pages\/903","targetHints":{"allow":["GET"]}}],"collection":[{"href":"https:\/\/lauraduran.com\/es\/wp-json\/wp\/v2\/pages"}],"about":[{"href":"https:\/\/lauraduran.com\/es\/wp-json\/wp\/v2\/types\/page"}],"author":[{"embeddable":true,"href":"https:\/\/lauraduran.com\/es\/wp-json\/wp\/v2\/users\/1"}],"replies":[{"embeddable":true,"href":"https:\/\/lauraduran.com\/es\/wp-json\/wp\/v2\/comments?post=903"}],"version-history":[{"count":2,"href":"https:\/\/lauraduran.com\/es\/wp-json\/wp\/v2\/pages\/903\/revisions"}],"predecessor-version":[{"id":935,"href":"https:\/\/lauraduran.com\/es\/wp-json\/wp\/v2\/pages\/903\/revisions\/935"}],"wp:attachment":[{"href":"https:\/\/lauraduran.com\/es\/wp-json\/wp\/v2\/media?parent=903"}],"curies":[{"name":"wp","href":"https:\/\/api.w.org\/{rel}","templated":true}]}}