{"id":905,"date":"2021-02-25T10:34:06","date_gmt":"2021-02-25T09:34:06","guid":{"rendered":"https:\/\/dev.lauraduran.com\/about\/"},"modified":"2021-03-30T15:39:18","modified_gmt":"2021-03-30T14:39:18","slug":"about","status":"publish","type":"page","link":"https:\/\/lauraduran.com\/es\/about\/","title":{"rendered":"About"},"content":{"rendered":"\t\t<div data-elementor-type=\"wp-page\" data-elementor-id=\"905\" class=\"elementor elementor-905 elementor-60\">\n\t\t\t\t\t\t<div class=\"elementor-inner\">\n\t\t\t\t<div class=\"elementor-section-wrap\">\n\t\t\t\t\t\t\t\t\t<section class=\"elementor-section elementor-top-section elementor-element elementor-element-e16a62d elementor-section-boxed elementor-section-height-default elementor-section-height-default\" data-id=\"e16a62d\" data-element_type=\"section\">\n\t\t\t\t\t\t<div class=\"elementor-container elementor-column-gap-default\">\n\t\t\t\t\t\t\t<div class=\"elementor-row\">\n\t\t\t\t\t<div class=\"elementor-column elementor-col-100 elementor-top-column elementor-element elementor-element-e80b6da\" data-id=\"e80b6da\" data-element_type=\"column\">\n\t\t\t<div class=\"elementor-column-wrap elementor-element-populated\">\n\t\t\t\t\t\t\t<div class=\"elementor-widget-wrap\">\n\t\t\t\t\t\t<div class=\"elementor-element elementor-element-68fec2f elementor-widget elementor-widget-image\" data-id=\"68fec2f\" data-element_type=\"widget\" data-widget_type=\"image.default\">\n\t\t\t\t<div class=\"elementor-widget-container\">\n\t\t\t\t\t\t\t\t<div class=\"elementor-image\">\n\t\t\t\t\t\t\t\t\t\t\t\t<img decoding=\"async\" src=\"https:\/\/lauraduran.com\/wp-content\/uploads\/elementor\/thumbs\/dibuix-bio-sense-fons.1500x1116-p24wx44ndj2azylfbk1c6fnv7gfj4nqokgf1oqz5ay.png\" title=\"dibuix bio sense fons.1500&#215;1116\" alt=\"dibuix bio sense fons.1500x1116\" \/>\t\t\t\t\t\t\t\t\t\t\t\t\t\t<\/div>\n\t\t\t\t\t\t<\/div>\n\t\t\t\t<\/div>\n\t\t\t\t\t\t<\/div>\n\t\t\t\t\t<\/div>\n\t\t<\/div>\n\t\t\t\t\t\t\t\t<\/div>\n\t\t\t\t\t<\/div>\n\t\t<\/section>\n\t\t\t\t<section class=\"elementor-section elementor-top-section elementor-element elementor-element-19c913c elementor-section-boxed elementor-section-height-default elementor-section-height-default\" data-id=\"19c913c\" data-element_type=\"section\">\n\t\t\t\t\t\t<div class=\"elementor-container elementor-column-gap-default\">\n\t\t\t\t\t\t\t<div class=\"elementor-row\">\n\t\t\t\t\t<div class=\"elementor-column elementor-col-100 elementor-top-column elementor-element elementor-element-d4d7a47\" data-id=\"d4d7a47\" data-element_type=\"column\">\n\t\t\t<div class=\"elementor-column-wrap elementor-element-populated\">\n\t\t\t\t\t\t\t<div class=\"elementor-widget-wrap\">\n\t\t\t\t\t\t<div class=\"elementor-element elementor-element-dc961cc elementor-widget elementor-widget-text-editor\" data-id=\"dc961cc\" data-element_type=\"widget\" data-widget_type=\"text-editor.default\">\n\t\t\t\t<div class=\"elementor-widget-container\">\n\t\t\t\t\t\t\t\t<div class=\"elementor-text-editor elementor-clearfix\">\n\t\t\t\t<p>Hola! Me llamo Laura, soy ilustradora infantil y vivo en Barcelona.<\/p>\n<p>Nac\u00ed entre l\u00e1pices y pinceles. Lo que pensaba que era un puro divertimento se convirti\u00f3 en una forma de expresarme y en una profesi\u00f3n.<\/p>\n<p>Estudi\u00e9 dise\u00f1o de moda en la escuela Idep de Barcelona. Mientras trabajaba en el mundo de la moda llegaron los primeros encargos como ilustradora.<\/p>\n<p>Nunca he dejado de ampliar mis conocimientos art\u00edsticos, haciendo cursos y talleres de ilustraci\u00f3n, serigraf\u00eda, joyer\u00eda, esmalte al fuego, lacado japon\u00e9s, \u2026 y he perfeccionado mi formaci\u00f3n como ilustradora en la Escola de la Dona de Barcelona.<\/p>\n<p>Pod\u00e9is contactar conmigo a <a href=\"mailto:info@lauraduran.com\">info@lauraduran.com<\/a><\/p>\n\t\t\t\t\t<\/div>\n\t\t\t\t\t\t<\/div>\n\t\t\t\t<\/div>\n\t\t\t\t\t\t<\/div>\n\t\t\t\t\t<\/div>\n\t\t<\/div>\n\t\t\t\t\t\t\t\t<\/div>\n\t\t\t\t\t<\/div>\n\t\t<\/section>\n\t\t\t\t\t\t\t\t\t<\/div>\n\t\t\t<\/div>\n\t\t\t\t\t<\/div>\n\t\t","protected":false},"excerpt":{"rendered":"<p>Hola! Me llamo Laura, soy ilustradora infantil y vivo en Barcelona. Nac\u00ed entre l\u00e1pices y pinceles. Lo que pensaba que era un puro divertimento se convirti\u00f3 en una forma de expresarme y en una profesi\u00f3n. Estudi\u00e9 dise\u00f1o de moda en la escuela Idep de Barcelona. Mientras trabajaba en el mundo de la moda llegaron los [&hellip;]<\/p>\n","protected":false},"author":1,"featured_media":0,"parent":0,"menu_order":0,"comment_status":"closed","ping_status":"closed","template":"elementor_header_footer","meta":{"footnotes":""},"class_list":["post-905","page","type-page","status-publish","hentry"],"_links":{"self":[{"href":"https:\/\/lauraduran.com\/es\/wp-json\/wp\/v2\/pages\/905","targetHints":{"allow":["GET"]}}],"collection":[{"href":"https:\/\/lauraduran.com\/es\/wp-json\/wp\/v2\/pages"}],"about":[{"href":"https:\/\/lauraduran.com\/es\/wp-json\/wp\/v2\/types\/page"}],"author":[{"embeddable":true,"href":"https:\/\/lauraduran.com\/es\/wp-json\/wp\/v2\/users\/1"}],"replies":[{"embeddable":true,"href":"https:\/\/lauraduran.com\/es\/wp-json\/wp\/v2\/comments?post=905"}],"version-history":[{"count":5,"href":"https:\/\/lauraduran.com\/es\/wp-json\/wp\/v2\/pages\/905\/revisions"}],"predecessor-version":[{"id":1282,"href":"https:\/\/lauraduran.com\/es\/wp-json\/wp\/v2\/pages\/905\/revisions\/1282"}],"wp:attachment":[{"href":"https:\/\/lauraduran.com\/es\/wp-json\/wp\/v2\/media?parent=905"}],"curies":[{"name":"wp","href":"https:\/\/api.w.org\/{rel}","templated":true}]}}